{"id":49,"date":"2020-10-02T08:49:21","date_gmt":"2020-10-02T06:49:21","guid":{"rendered":"http:\/\/skultunahemmabak.021media.se\/wp\/?page_id=49"},"modified":"2021-12-21T17:45:28","modified_gmt":"2021-12-21T15:45:28","slug":"bakverk","status":"publish","type":"page","link":"https:\/\/skultunahemmabak.021media.se\/wp\/?page_id=49","title":{"rendered":"Bakverk &#038; Godis"},"content":{"rendered":"<p class=\"has-text-align-left\">H\u00e4r visar jag lite bilder p\u00e5 bakverk som jag bakat och godis som jag gjort.<\/p>\n<p><strong>T\u00e5rtor &amp; Bakelser<\/strong><\/p>\n<div id='gallery-1' class='gallery galleryid-49 gallery-columns-5 gallery-size-thumbnail'><figure class='gallery-item'>\n\t\t\t<div class='gallery-icon landscape'>\n\t\t\t\t<a href='https:\/\/skultunahemmabak.021media.se\/wp\/wp-content\/uploads\/2020\/10\/budapest_stubbe.jpg'><img loading=\"lazy\" decoding=\"async\" width=\"100\" height=\"100\" src=\"https:\/\/skultunahemmabak.021media.se\/wp\/wp-content\/uploads\/2020\/10\/budapest_stubbe-150x150.jpg\" class=\"attachment-thumbnail size-thumbnail\" alt=\"\" \/><\/a>\n\t\t\t<\/div><\/figure><figure class='gallery-item'>\n\t\t\t<div class='gallery-icon portrait'>\n\t\t\t\t<a href='https:\/\/skultunahemmabak.021media.se\/wp\/wp-content\/uploads\/2020\/10\/graddbakelse_1.jpg'><img loading=\"lazy\" decoding=\"async\" width=\"100\" height=\"100\" src=\"https:\/\/skultunahemmabak.021media.se\/wp\/wp-content\/uploads\/2020\/10\/graddbakelse_1-150x150.jpg\" class=\"attachment-thumbnail size-thumbnail\" alt=\"\" \/><\/a>\n\t\t\t<\/div><\/figure><figure class='gallery-item'>\n\t\t\t<div class='gallery-icon landscape'>\n\t\t\t\t<a href='https:\/\/skultunahemmabak.021media.se\/wp\/wp-content\/uploads\/2020\/10\/jultarta.jpg'><img loading=\"lazy\" decoding=\"async\" width=\"100\" height=\"100\" src=\"https:\/\/skultunahemmabak.021media.se\/wp\/wp-content\/uploads\/2020\/10\/jultarta-150x150.jpg\" class=\"attachment-thumbnail size-thumbnail\" alt=\"\" \/><\/a>\n\t\t\t<\/div><\/figure><figure class='gallery-item'>\n\t\t\t<div class='gallery-icon landscape'>\n\t\t\t\t<a href='https:\/\/skultunahemmabak.021media.se\/wp\/wp-content\/uploads\/2020\/10\/lakritsmouse_tarta.jpg'><img loading=\"lazy\" decoding=\"async\" width=\"100\" height=\"100\" src=\"https:\/\/skultunahemmabak.021media.se\/wp\/wp-content\/uploads\/2020\/10\/lakritsmouse_tarta-150x150.jpg\" class=\"attachment-thumbnail size-thumbnail\" alt=\"\" srcset=\"https:\/\/skultunahemmabak.021media.se\/wp\/wp-content\/uploads\/2020\/10\/lakritsmouse_tarta-150x150.jpg 150w, https:\/\/skultunahemmabak.021media.se\/wp\/wp-content\/uploads\/2020\/10\/lakritsmouse_tarta-300x298.jpg 300w, https:\/\/skultunahemmabak.021media.se\/wp\/wp-content\/uploads\/2020\/10\/lakritsmouse_tarta.jpg 528w\" sizes=\"auto, (max-width: 100px) 100vw, 100px\" \/><\/a>\n\t\t\t<\/div><\/figure><figure class='gallery-item'>\n\t\t\t<div class='gallery-icon landscape'>\n\t\t\t\t<a href='https:\/\/skultunahemmabak.021media.se\/wp\/wp-content\/uploads\/2020\/10\/lakritstarta.jpg'><img loading=\"lazy\" decoding=\"async\" width=\"100\" height=\"100\" src=\"https:\/\/skultunahemmabak.021media.se\/wp\/wp-content\/uploads\/2020\/10\/lakritstarta-150x150.jpg\" class=\"attachment-thumbnail size-thumbnail\" alt=\"\" \/><\/a>\n\t\t\t<\/div><\/figure><figure class='gallery-item'>\n\t\t\t<div class='gallery-icon landscape'>\n\t\t\t\t<a href='https:\/\/skultunahemmabak.021media.se\/wp\/wp-content\/uploads\/2020\/10\/marmorerad-marsipantarta-med-lakritsmousse.jpg'><img loading=\"lazy\" decoding=\"async\" width=\"100\" height=\"100\" src=\"https:\/\/skultunahemmabak.021media.se\/wp\/wp-content\/uploads\/2020\/10\/marmorerad-marsipantarta-med-lakritsmousse-150x150.jpg\" class=\"attachment-thumbnail size-thumbnail\" alt=\"\" \/><\/a>\n\t\t\t<\/div><\/figure><figure class='gallery-item'>\n\t\t\t<div class='gallery-icon landscape'>\n\t\t\t\t<a href='https:\/\/skultunahemmabak.021media.se\/wp\/wp-content\/uploads\/2020\/10\/marsipantarta.jpg'><img loading=\"lazy\" decoding=\"async\" width=\"100\" height=\"100\" src=\"https:\/\/skultunahemmabak.021media.se\/wp\/wp-content\/uploads\/2020\/10\/marsipantarta-150x150.jpg\" class=\"attachment-thumbnail size-thumbnail\" alt=\"\" \/><\/a>\n\t\t\t<\/div><\/figure><figure class='gallery-item'>\n\t\t\t<div class='gallery-icon landscape'>\n\t\t\t\t<a href='https:\/\/skultunahemmabak.021media.se\/wp\/wp-content\/uploads\/2020\/10\/Mirroglazad_tarta.jpg'><img loading=\"lazy\" decoding=\"async\" width=\"100\" height=\"100\" src=\"https:\/\/skultunahemmabak.021media.se\/wp\/wp-content\/uploads\/2020\/10\/Mirroglazad_tarta-150x150.jpg\" class=\"attachment-thumbnail size-thumbnail\" alt=\"\" \/><\/a>\n\t\t\t<\/div><\/figure><figure class='gallery-item'>\n\t\t\t<div class='gallery-icon landscape'>\n\t\t\t\t<a href='https:\/\/skultunahemmabak.021media.se\/wp\/wp-content\/uploads\/2020\/10\/Moussetarta_med_mirrorglaze.jpg'><img loading=\"lazy\" decoding=\"async\" width=\"100\" height=\"100\" src=\"https:\/\/skultunahemmabak.021media.se\/wp\/wp-content\/uploads\/2020\/10\/Moussetarta_med_mirrorglaze-150x150.jpg\" class=\"attachment-thumbnail size-thumbnail\" alt=\"\" \/><\/a>\n\t\t\t<\/div><\/figure><figure class='gallery-item'>\n\t\t\t<div class='gallery-icon portrait'>\n\t\t\t\t<a href='https:\/\/skultunahemmabak.021media.se\/wp\/wp-content\/uploads\/2020\/10\/passionsfrukts_tarta.jpg'><img loading=\"lazy\" decoding=\"async\" width=\"100\" height=\"100\" src=\"https:\/\/skultunahemmabak.021media.se\/wp\/wp-content\/uploads\/2020\/10\/passionsfrukts_tarta-150x150.jpg\" class=\"attachment-thumbnail size-thumbnail\" alt=\"\" \/><\/a>\n\t\t\t<\/div><\/figure><figure class='gallery-item'>\n\t\t\t<div class='gallery-icon landscape'>\n\t\t\t\t<a href='https:\/\/skultunahemmabak.021media.se\/wp\/wp-content\/uploads\/2020\/10\/sommarangs_bakelse.jpg'><img loading=\"lazy\" decoding=\"async\" width=\"100\" height=\"100\" src=\"https:\/\/skultunahemmabak.021media.se\/wp\/wp-content\/uploads\/2020\/10\/sommarangs_bakelse-150x150.jpg\" class=\"attachment-thumbnail size-thumbnail\" alt=\"\" \/><\/a>\n\t\t\t<\/div><\/figure>\n\t\t<\/div>\n\n<p><strong>Praliner och Godis<br \/>\n<\/strong><\/p>\n<div id='gallery-2' class='gallery galleryid-49 gallery-columns-5 gallery-size-thumbnail'><figure class='gallery-item'>\n\t\t\t<div class='gallery-icon landscape'>\n\t\t\t\t<a href='https:\/\/skultunahemmabak.021media.se\/wp\/wp-content\/uploads\/2020\/10\/chokladpraliner_1.jpg'><img loading=\"lazy\" decoding=\"async\" width=\"100\" height=\"100\" src=\"https:\/\/skultunahemmabak.021media.se\/wp\/wp-content\/uploads\/2020\/10\/chokladpraliner_1-150x150.jpg\" class=\"attachment-thumbnail size-thumbnail\" alt=\"\" \/><\/a>\n\t\t\t<\/div><\/figure><figure class='gallery-item'>\n\t\t\t<div class='gallery-icon landscape'>\n\t\t\t\t<a href='https:\/\/skultunahemmabak.021media.se\/wp\/wp-content\/uploads\/2020\/10\/chokladpraliner_2.jpg'><img loading=\"lazy\" decoding=\"async\" width=\"100\" height=\"100\" src=\"https:\/\/skultunahemmabak.021media.se\/wp\/wp-content\/uploads\/2020\/10\/chokladpraliner_2-150x150.jpg\" class=\"attachment-thumbnail size-thumbnail\" alt=\"\" \/><\/a>\n\t\t\t<\/div><\/figure><figure class='gallery-item'>\n\t\t\t<div class='gallery-icon landscape'>\n\t\t\t\t<a href='https:\/\/skultunahemmabak.021media.se\/wp\/wp-content\/uploads\/2020\/10\/gele_konfektyr_1.jpg'><img loading=\"lazy\" decoding=\"async\" width=\"100\" height=\"100\" src=\"https:\/\/skultunahemmabak.021media.se\/wp\/wp-content\/uploads\/2020\/10\/gele_konfektyr_1-150x150.jpg\" class=\"attachment-thumbnail size-thumbnail\" alt=\"\" srcset=\"https:\/\/skultunahemmabak.021media.se\/wp\/wp-content\/uploads\/2020\/10\/gele_konfektyr_1-150x150.jpg 150w, https:\/\/skultunahemmabak.021media.se\/wp\/wp-content\/uploads\/2020\/10\/gele_konfektyr_1-300x300.jpg 300w, https:\/\/skultunahemmabak.021media.se\/wp\/wp-content\/uploads\/2020\/10\/gele_konfektyr_1.jpg 400w\" sizes=\"auto, (max-width: 100px) 100vw, 100px\" \/><\/a>\n\t\t\t<\/div><\/figure>\n\t\t<\/div>\n\n<p><strong>Mjuka kakor<\/strong><\/p>\n<div id='gallery-3' class='gallery galleryid-49 gallery-columns-5 gallery-size-thumbnail'><figure class='gallery-item'>\n\t\t\t<div class='gallery-icon landscape'>\n\t\t\t\t<a href='https:\/\/skultunahemmabak.021media.se\/wp\/wp-content\/uploads\/2020\/10\/sverigekaka.jpg'><img loading=\"lazy\" decoding=\"async\" width=\"100\" height=\"100\" src=\"https:\/\/skultunahemmabak.021media.se\/wp\/wp-content\/uploads\/2020\/10\/sverigekaka-150x150.jpg\" class=\"attachment-thumbnail size-thumbnail\" alt=\"\" \/><\/a>\n\t\t\t<\/div><\/figure><figure class='gallery-item'>\n\t\t\t<div class='gallery-icon landscape'>\n\t\t\t\t<a href='https:\/\/skultunahemmabak.021media.se\/wp\/wp-content\/uploads\/2020\/10\/toscakaka.jpg'><img loading=\"lazy\" decoding=\"async\" width=\"100\" height=\"100\" src=\"https:\/\/skultunahemmabak.021media.se\/wp\/wp-content\/uploads\/2020\/10\/toscakaka-150x150.jpg\" class=\"attachment-thumbnail size-thumbnail\" alt=\"\" \/><\/a>\n\t\t\t<\/div><\/figure><figure class='gallery-item'>\n\t\t\t<div class='gallery-icon landscape'>\n\t\t\t\t<a href='https:\/\/skultunahemmabak.021media.se\/wp\/wp-content\/uploads\/2020\/10\/mandelkubb.jpg'><img loading=\"lazy\" decoding=\"async\" width=\"100\" height=\"100\" src=\"https:\/\/skultunahemmabak.021media.se\/wp\/wp-content\/uploads\/2020\/10\/mandelkubb-150x150.jpg\" class=\"attachment-thumbnail size-thumbnail\" alt=\"\" \/><\/a>\n\t\t\t<\/div><\/figure><figure class='gallery-item'>\n\t\t\t<div class='gallery-icon landscape'>\n\t\t\t\t<a href='https:\/\/skultunahemmabak.021media.se\/wp\/wp-content\/uploads\/2021\/03\/morotskaka_01.jpg'><img loading=\"lazy\" decoding=\"async\" width=\"100\" height=\"100\" src=\"https:\/\/skultunahemmabak.021media.se\/wp\/wp-content\/uploads\/2021\/03\/morotskaka_01-150x150.jpg\" class=\"attachment-thumbnail size-thumbnail\" alt=\"\" \/><\/a>\n\t\t\t<\/div><\/figure>\n\t\t<\/div>\n\n<p><strong>Bullar och kakor<\/strong><\/p>\n<div id='gallery-4' class='gallery galleryid-49 gallery-columns-5 gallery-size-thumbnail'><figure class='gallery-item'>\n\t\t\t<div class='gallery-icon landscape'>\n\t\t\t\t<a href='https:\/\/skultunahemmabak.021media.se\/wp\/wp-content\/uploads\/2020\/10\/kanelbullar.jpg'><img loading=\"lazy\" decoding=\"async\" width=\"100\" height=\"100\" src=\"https:\/\/skultunahemmabak.021media.se\/wp\/wp-content\/uploads\/2020\/10\/kanelbullar-150x150.jpg\" class=\"attachment-thumbnail size-thumbnail\" alt=\"\" \/><\/a>\n\t\t\t<\/div><\/figure><figure class='gallery-item'>\n\t\t\t<div class='gallery-icon landscape'>\n\t\t\t\t<a href='https:\/\/skultunahemmabak.021media.se\/wp\/wp-content\/uploads\/2020\/10\/struvor.jpg'><img loading=\"lazy\" decoding=\"async\" width=\"100\" height=\"100\" src=\"https:\/\/skultunahemmabak.021media.se\/wp\/wp-content\/uploads\/2020\/10\/struvor-150x150.jpg\" class=\"attachment-thumbnail size-thumbnail\" alt=\"\" \/><\/a>\n\t\t\t<\/div><\/figure><figure class='gallery-item'>\n\t\t\t<div class='gallery-icon landscape'>\n\t\t\t\t<a href='https:\/\/skultunahemmabak.021media.se\/wp\/wp-content\/uploads\/2020\/10\/finska_pinnar.jpg'><img loading=\"lazy\" decoding=\"async\" width=\"100\" height=\"100\" src=\"https:\/\/skultunahemmabak.021media.se\/wp\/wp-content\/uploads\/2020\/10\/finska_pinnar-150x150.jpg\" class=\"attachment-thumbnail size-thumbnail\" alt=\"\" \/><\/a>\n\t\t\t<\/div><\/figure>\n\t\t<\/div>\n\n<p><strong>Matbr\u00f6d<\/strong><\/p>\n<div id='gallery-5' class='gallery galleryid-49 gallery-columns-5 gallery-size-thumbnail'><figure class='gallery-item'>\n\t\t\t<div class='gallery-icon landscape'>\n\t\t\t\t<a href='https:\/\/skultunahemmabak.021media.se\/wp\/wp-content\/uploads\/2020\/10\/kavring.jpg'><img loading=\"lazy\" decoding=\"async\" width=\"100\" height=\"100\" src=\"https:\/\/skultunahemmabak.021media.se\/wp\/wp-content\/uploads\/2020\/10\/kavring-150x150.jpg\" class=\"attachment-thumbnail size-thumbnail\" alt=\"\" \/><\/a>\n\t\t\t<\/div><\/figure><figure class='gallery-item'>\n\t\t\t<div class='gallery-icon portrait'>\n\t\t\t\t<a href='https:\/\/skultunahemmabak.021media.se\/wp\/wp-content\/uploads\/2020\/10\/paskbrod.jpg'><img loading=\"lazy\" decoding=\"async\" width=\"100\" height=\"100\" src=\"https:\/\/skultunahemmabak.021media.se\/wp\/wp-content\/uploads\/2020\/10\/paskbrod-150x150.jpg\" class=\"attachment-thumbnail size-thumbnail\" alt=\"\" \/><\/a>\n\t\t\t<\/div><\/figure>\n\t\t<\/div>\n\n<p><strong>Julbak<\/strong><\/p>\n<div id='gallery-6' class='gallery galleryid-49 gallery-columns-5 gallery-size-thumbnail'><figure class='gallery-item'>\n\t\t\t<div class='gallery-icon landscape'>\n\t\t\t\t<a href='https:\/\/skultunahemmabak.021media.se\/wp\/wp-content\/uploads\/2020\/12\/lussekatt_03.jpg'><img loading=\"lazy\" decoding=\"async\" width=\"100\" height=\"100\" src=\"https:\/\/skultunahemmabak.021media.se\/wp\/wp-content\/uploads\/2020\/12\/lussekatt_03-150x150.jpg\" class=\"attachment-thumbnail size-thumbnail\" alt=\"\" \/><\/a>\n\t\t\t<\/div><\/figure><figure class='gallery-item'>\n\t\t\t<div class='gallery-icon landscape'>\n\t\t\t\t<a href='https:\/\/skultunahemmabak.021media.se\/wp\/wp-content\/uploads\/2020\/12\/lussekatt_02.jpg'><img loading=\"lazy\" decoding=\"async\" width=\"100\" height=\"100\" src=\"https:\/\/skultunahemmabak.021media.se\/wp\/wp-content\/uploads\/2020\/12\/lussekatt_02-150x150.jpg\" class=\"attachment-thumbnail size-thumbnail\" alt=\"\" \/><\/a>\n\t\t\t<\/div><\/figure><figure class='gallery-item'>\n\t\t\t<div class='gallery-icon landscape'>\n\t\t\t\t<a href='https:\/\/skultunahemmabak.021media.se\/wp\/wp-content\/uploads\/2020\/12\/lussekatt_01.jpg'><img loading=\"lazy\" decoding=\"async\" width=\"100\" height=\"100\" src=\"https:\/\/skultunahemmabak.021media.se\/wp\/wp-content\/uploads\/2020\/12\/lussekatt_01-150x150.jpg\" class=\"attachment-thumbnail size-thumbnail\" alt=\"\" \/><\/a>\n\t\t\t<\/div><\/figure><figure class='gallery-item'>\n\t\t\t<div class='gallery-icon landscape'>\n\t\t\t\t<a href='https:\/\/skultunahemmabak.021media.se\/wp\/wp-content\/uploads\/2021\/12\/saffransbullar.jpg'><img loading=\"lazy\" decoding=\"async\" width=\"100\" height=\"100\" src=\"https:\/\/skultunahemmabak.021media.se\/wp\/wp-content\/uploads\/2021\/12\/saffransbullar-150x150.jpg\" class=\"attachment-thumbnail size-thumbnail\" alt=\"\" srcset=\"https:\/\/skultunahemmabak.021media.se\/wp\/wp-content\/uploads\/2021\/12\/saffransbullar-150x150.jpg 150w, https:\/\/skultunahemmabak.021media.se\/wp\/wp-content\/uploads\/2021\/12\/saffransbullar-300x300.jpg 300w, https:\/\/skultunahemmabak.021media.se\/wp\/wp-content\/uploads\/2021\/12\/saffransbullar.jpg 402w\" sizes=\"auto, (max-width: 100px) 100vw, 100px\" \/><\/a>\n\t\t\t<\/div><\/figure>\n\t\t<\/div>\n\n","protected":false},"excerpt":{"rendered":"<p>H\u00e4r visar jag lite bilder p\u00e5 bakverk som jag bakat och godis som jag gjort. T\u00e5rtor &amp; Bakelser Praliner och Godis Mjuka kakor Bullar och kakor Matbr\u00f6d Julbak<\/p>\n","protected":false},"author":1,"featured_media":70,"parent":0,"menu_order":0,"comment_status":"closed","ping_status":"closed","template":"","meta":{"footnotes":""},"class_list":["post-49","page","type-page","status-publish","has-post-thumbnail","hentry"],"_links":{"self":[{"href":"https:\/\/skultunahemmabak.021media.se\/wp\/index.php?rest_route=\/wp\/v2\/pages\/49","targetHints":{"allow":["GET"]}}],"collection":[{"href":"https:\/\/skultunahemmabak.021media.se\/wp\/index.php?rest_route=\/wp\/v2\/pages"}],"about":[{"href":"https:\/\/skultunahemmabak.021media.se\/wp\/index.php?rest_route=\/wp\/v2\/types\/page"}],"author":[{"embeddable":true,"href":"https:\/\/skultunahemmabak.021media.se\/wp\/index.php?rest_route=\/wp\/v2\/users\/1"}],"replies":[{"embeddable":true,"href":"https:\/\/skultunahemmabak.021media.se\/wp\/index.php?rest_route=%2Fwp%2Fv2%2Fcomments&post=49"}],"version-history":[{"count":8,"href":"https:\/\/skultunahemmabak.021media.se\/wp\/index.php?rest_route=\/wp\/v2\/pages\/49\/revisions"}],"predecessor-version":[{"id":80,"href":"https:\/\/skultunahemmabak.021media.se\/wp\/index.php?rest_route=\/wp\/v2\/pages\/49\/revisions\/80"}],"wp:featuredmedia":[{"embeddable":true,"href":"https:\/\/skultunahemmabak.021media.se\/wp\/index.php?rest_route=\/wp\/v2\/media\/70"}],"wp:attachment":[{"href":"https:\/\/skultunahemmabak.021media.se\/wp\/index.php?rest_route=%2Fwp%2Fv2%2Fmedia&parent=49"}],"curies":[{"name":"wp","href":"https:\/\/api.w.org\/{rel}","templated":true}]}}