{"id":3,"date":"2020-10-01T12:34:00","date_gmt":"2020-10-01T12:34:00","guid":{"rendered":"http:\/\/skultunahemmabak.021media.se\/wp\/?page_id=3"},"modified":"2021-12-30T13:22:52","modified_gmt":"2021-12-30T11:22:52","slug":"privacy-policy","status":"publish","type":"page","link":"https:\/\/skultunahemmabak.021media.se\/wp\/?page_id=3","title":{"rendered":"Integritetspolicy"},"content":{"rendered":"\r\n<p><strong>Integritetspolicy<\/strong><br \/>Behandling av personuppgifter p\u00e5 Skultuna Hemmabak \u00a0\u00a0\u00a0\u00a0\u00a0\u00a0\u00a0\u00a0\u00a0\u00a0\u00a0\u00a0\u00a0\u00a0\u00a0\u00a0\u00a0\u00a0\u00a0\u00a0\u00a0\u00a0\u00a0\u00a0\u00a0\u00a0\u00a0\u00a0\u00a0\u00a0\u00a0\u00a0\u00a0\u00a0\u00a0\u00a0\u00a0\u00a0\u00a0\u00a0\u00a0\u00a0\u00a0\u00a0\u00a0\u00a0\u00a0\u00a0\u00a0\u00a0\u00a0\u00a0\u00a0\u00a0\u00a0\u00a0\u00a0\u00a0\u00a0\u00a0\u00a0\u00a0\u00a0\u00a0\u00a0\u00a0\u00a0\u00a0\u00a0\u00a0\u00a0\u00a0\u00a0\u00a0\u00a0\u00a0\u00a0\u00a0\u00a0\u00a0\u00a0\u00a0\u00a0\u00a0\u00a0\u00a0\u00a0\u00a0\u00a0\u00a0\u00a0\u00a0\u00a0\u00a0\u00a0\u00a0 <br \/>30 December 2021<\/p>\r\n<p>F\u00f6r Skultuna Hemmabak \u00e4r personlig integritet viktigt. Vi efterstr\u00e4var en h\u00f6g niv\u00e5 av dataskydd. I denna policy f\u00f6rklarar vi hur vi samlar in och anv\u00e4nder personuppgifter. Vi beskriver ocks\u00e5 dina r\u00e4ttigheter och hur du kan g\u00f6ra dem g\u00e4llande.<\/p>\r\n<p>Du \u00e4r alltid v\u00e4lkommen att kontakta oss om du har fr\u00e5gor om hur vi behandlar dina personuppgifter. Kontaktuppgifter st\u00e5r sist i denna text.<\/p>\r\n<p><strong>Vad \u00e4r en personuppgift och vad \u00e4r en behandling av personuppgifter?<\/strong><\/p>\r\n<p>Personuppgifter \u00e4r alla uppgifter om en levande fysisk person som direkt eller indirekt kan kopplas till den personen. Det handlar inte bara om namn och personnummer utan \u00e4ven om till exempel bilder och e-postadresser.<\/p>\r\n<p>Behandling av personuppgifter \u00e4r allt som sker med personuppgifterna i IT-systemen, oavsett om det handlar om mobila enheter eller datorer. Det handlar om till exempel insamling, registrering, strukturering, lagring, bearbetning och \u00f6verf\u00f6ring. I vissa fall kan \u00e4ven manuella register omfattas.<\/p>\r\n<p><strong>Personuppgiftsansvarig<\/strong><\/p>\r\n<p>F\u00f6r de behandlingar som sker inom Skultuna Hemmabak:s verksamhet \u00e4r Skultuna Hemmabak personuppgiftsansvarig.<\/p>\r\n<p><strong>Vilka personuppgifter samlar vi in om dig och varf\u00f6r?<\/strong><\/p>\r\n<p>Vi behandlar i huvudsak ditt namn, personnummer, adress och kontaktuppgifter, bankkonto f\u00f6r l\u00f6neutbetalning samt uppgifter som du gett om n\u00e4rmast anh\u00f6rig.<\/p>\r\n<p>Vi behandlar dina personuppgifter f\u00f6r att kunna fullg\u00f6ra v\u00e5ra skyldigheter enligt v\u00e5rt anst\u00e4llningsavtal med dig och f\u00f6r att uppfylla regler i lag och kollektivavtal.<\/p>\r\n<p><strong>Personuppgiftsbitr\u00e4den<\/strong><\/p>\r\n<p>I en del situationer \u00e4r det n\u00f6dv\u00e4ndigt f\u00f6r oss att anlita andra parter. Till exempel olika IT-leverant\u00f6rer f\u00f6r HR-system eller elektroniska k\u00f6rjournaler. De \u00e4r d\u00e5 personuppgiftsbitr\u00e4den till oss. Vi kontrollerar personuppgiftsbitr\u00e4den f\u00f6r att s\u00e4kerst\u00e4lla att de garanterar s\u00e4kerheten och sekretessen f\u00f6r personuppgifterna. N\u00e4r personuppgiftsbitr\u00e4den anlitas sker det bara f\u00f6r de \u00e4ndam\u00e5l som \u00e4r f\u00f6renliga med de \u00e4ndam\u00e5l vi sj\u00e4lva har f\u00f6r behandlingen.<\/p>\r\n<p><br \/><strong>Akt\u00f6rer som \u00e4r sj\u00e4lvst\u00e4ndigt personuppgiftsansvariga<\/strong><\/p>\r\n<p>Vi delar \u00e4ven dina personuppgifter med vissa andra akt\u00f6rer som \u00e4r sj\u00e4lvst\u00e4ndigt personuppgiftsansvariga, till exempel myndigheter som Skatteverket, n\u00e4r vi \u00e4r skyldiga att l\u00e4mna ut s\u00e5dana uppgifter med st\u00f6d av lag eller myndighetsbeslut. N\u00e4r dina personuppgifter delas med en akt\u00f6r som \u00e4r sj\u00e4lvst\u00e4ndigt personuppgiftsansvarig g\u00e4ller den organisationens integritetspolicy och personuppgiftshantering.<\/p>\r\n<p><strong>Hur l\u00e4nge sparar vi dina personuppgifter?<\/strong><\/p>\r\n<p>Vi sparar aldrig dina personuppgifter l\u00e4ngre \u00e4n vad som \u00e4r n\u00f6dv\u00e4ndigt f\u00f6r respektive \u00e4ndam\u00e5l. Vissa uppgifter i bokf\u00f6ringen beh\u00f6ver p\u00e5 grund av lagstiftning till exempel sparas minst sju \u00e5r.<\/p>\r\n<p><strong>Vad \u00e4r dina r\u00e4ttigheter som registrerad?<\/strong><\/p>\r\n<p>Som registrerad har du enligt g\u00e4llande lagstiftning ett antal r\u00e4ttigheter. Du har r\u00e4tt till att f\u00e5 ett utdrag som visar vilka personuppgifter vi har registrerade om dig. Du kan beg\u00e4ra r\u00e4ttelse av felaktiga uppgifter och i vissa fall radering.<\/p>\r\n<p><strong>Kontakta oss vid fr\u00e5gor om hur vi behandlar personuppgifter.<\/strong><\/p>\r\n<p>Om du har fr\u00e5gor om hur vi behandlar personuppgifter kontakta Andr\u00e9as Sandberg. som \u00e4r ansvarig f\u00f6r personuppgiftsfr\u00e5gor.<\/p>\r\n<p>Vi kan komma att g\u00f6ra \u00e4ndringar i v\u00e5r integritetspolicy.<\/p>\r\n\r\n\r\n","protected":false},"excerpt":{"rendered":"<p>IntegritetspolicyBehandling av personuppgifter p\u00e5 Skultuna Hemmabak \u00a0\u00a0\u00a0\u00a0\u00a0\u00a0\u00a0\u00a0\u00a0\u00a0\u00a0\u00a0\u00a0\u00a0\u00a0\u00a0\u00a0\u00a0\u00a0\u00a0\u00a0\u00a0\u00a0\u00a0\u00a0\u00a0\u00a0\u00a0\u00a0\u00a0\u00a0\u00a0\u00a0\u00a0\u00a0\u00a0\u00a0\u00a0\u00a0\u00a0\u00a0\u00a0\u00a0\u00a0\u00a0\u00a0\u00a0\u00a0\u00a0\u00a0\u00a0\u00a0\u00a0\u00a0\u00a0\u00a0\u00a0\u00a0\u00a0\u00a0\u00a0\u00a0\u00a0\u00a0\u00a0\u00a0\u00a0\u00a0\u00a0\u00a0\u00a0\u00a0\u00a0\u00a0\u00a0\u00a0\u00a0\u00a0\u00a0\u00a0\u00a0\u00a0\u00a0\u00a0\u00a0\u00a0\u00a0\u00a0\u00a0\u00a0\u00a0\u00a0\u00a0\u00a0\u00a0\u00a0 30 December 2021 F\u00f6r Skultuna Hemmabak \u00e4r personlig integritet viktigt. Vi efterstr\u00e4var en h\u00f6g niv\u00e5 av dataskydd. I denna policy f\u00f6rklarar vi hur vi samlar in och anv\u00e4nder personuppgifter. Vi beskriver ocks\u00e5 dina r\u00e4ttigheter och hur du kan g\u00f6ra dem g\u00e4llande. Du \u00e4r alltid v\u00e4lkommen att kontakta oss [&hellip;]<\/p>\n","protected":false},"author":1,"featured_media":0,"parent":0,"menu_order":0,"comment_status":"closed","ping_status":"open","template":"","meta":{"footnotes":""},"class_list":["post-3","page","type-page","status-publish","hentry"],"_links":{"self":[{"href":"https:\/\/skultunahemmabak.021media.se\/wp\/index.php?rest_route=\/wp\/v2\/pages\/3","targetHints":{"allow":["GET"]}}],"collection":[{"href":"https:\/\/skultunahemmabak.021media.se\/wp\/index.php?rest_route=\/wp\/v2\/pages"}],"about":[{"href":"https:\/\/skultunahemmabak.021media.se\/wp\/index.php?rest_route=\/wp\/v2\/types\/page"}],"author":[{"embeddable":true,"href":"https:\/\/skultunahemmabak.021media.se\/wp\/index.php?rest_route=\/wp\/v2\/users\/1"}],"replies":[{"embeddable":true,"href":"https:\/\/skultunahemmabak.021media.se\/wp\/index.php?rest_route=%2Fwp%2Fv2%2Fcomments&post=3"}],"version-history":[{"count":3,"href":"https:\/\/skultunahemmabak.021media.se\/wp\/index.php?rest_route=\/wp\/v2\/pages\/3\/revisions"}],"predecessor-version":[{"id":176,"href":"https:\/\/skultunahemmabak.021media.se\/wp\/index.php?rest_route=\/wp\/v2\/pages\/3\/revisions\/176"}],"wp:attachment":[{"href":"https:\/\/skultunahemmabak.021media.se\/wp\/index.php?rest_route=%2Fwp%2Fv2%2Fmedia&parent=3"}],"curies":[{"name":"wp","href":"https:\/\/api.w.org\/{rel}","templated":true}]}}