{"id":177,"date":"2021-12-30T13:30:00","date_gmt":"2021-12-30T11:30:00","guid":{"rendered":"https:\/\/skultunahemmabak.021media.se\/wp\/?page_id=177"},"modified":"2021-12-30T13:30:00","modified_gmt":"2021-12-30T11:30:00","slug":"copyright-cookies","status":"publish","type":"page","link":"https:\/\/skultunahemmabak.021media.se\/wp\/?page_id=177","title":{"rendered":"Copyright &#038; Cookies"},"content":{"rendered":"<p><strong>Copyright<\/strong><\/p>\n<p>Allt\u00a0du ser p\u00e5 hemsidan \u00e4r skyddat enligt lagen om upphovsr\u00e4tt (<a title=\"Lag (1960:729) om upphovsr\u00e4tt till litter\u00e4ra och konstn\u00e4rliga verk\" href=\"http:\/\/www.notisum.se\/rnp\/sls\/lag\/19600729.htm\" target=\"_blank\" rel=\"noopener\">1960:729<\/a>). Det \u00e4r <strong><em>str\u00e4ngt f\u00f6rbjudet<\/em><\/strong> att kopiera v\u00e5ra bilder, videos eller annat material fr\u00e5n hemsidan utan v\u00e5r till\u00e5telse. Materialet tillh\u00f6r antingen 021media.se eller s\u00e5 har vi tagit det med tillst\u00e5nd och f\u00f6r vissa saker s\u00e5 har vi \u00e4ven betalat f\u00f6r att f\u00e5 anv\u00e4nda materialet. Det finns dock n\u00e5gon eller n\u00e5gra enstaka bilder som ej \u00e4r skyddade enligt upphovsr\u00e4tten, kontakta oss vid fr\u00e5gor.<\/p>\n<p><em>Om vi m\u00e4rker att n\u00e5gon anv\u00e4nder v\u00e5rt material utan tillst\u00e5nd s\u00e5 kommer vi utan f\u00f6rvarning att anm\u00e4la h\u00e4ndelsen samt att det kommer att skickas en faktura. Skulle fakturan inte betalas kommer vi att g\u00e5 vidare till Kronofogden f\u00f6r indrivning, vilket i sin tur medf\u00f6r en betalningsanm\u00e4rkning. Samt en polisanm\u00e4lan f\u00f6r brott mot upphovsr\u00e4tten samt bildst\u00f6ld. Inga undantag g\u00f6res! Och nej, vi l\u00e5nar inte ut n\u00e5gra bilder till er hemsida, blogg eller n\u00e5gon social media som t.ex Facebook, Instagram, Snapchat eller Google+. Vill ni k\u00f6pa en bild kontakta Andr\u00e9as Sandberg p\u00e5 021media.se f\u00f6r priser.<\/em><\/p>\n<p>Att bryta mot upphovsr\u00e4tten kan leda till att man d\u00f6ms till b\u00f6ter och\/eller f\u00e4ngelse i max 2 \u00e5r. Har brottet dessutom beg\u00e5tts med avsikt eller med grov oaktsamhet s\u00e5 ska b\u00f6tesbeloppet inte bara omfatta vederlaget f\u00f6r utnyttjandet, utan \u00e4ven omfatta ers\u00e4ttning (skadest\u00e5nd) f\u00f6r lidande eller annan skada.<\/p>\n<p><strong>Bildr\u00e4ttigheter<\/strong><\/p>\n<p>Upphovsr\u00e4ttslagen skyddar alla slags alster som kan s\u00e4gas ha verksh\u00f6jd, t.ex. journalistiska<br \/>\ntexter, bilder, illustrationer, film, musik m.m. Med verksh\u00f6jd menas att \u201dverket\u201d har en unik s\u00e4rpr\u00e4gel och \u00e4r resultatet av ett intellektuellt eller konstn\u00e4rligt skapande. Det \u00e4r alltid fotografen som har upphovsr\u00e4tten till sina bilder. Fotografens namn ska alltid anges byline vid publicering av bilder. T\u00e4nk \u00e4ven p\u00e5 att upplysa medier om detta n\u00e4r du skickar eller l\u00e4gger ut pressbilder f\u00f6r nedladdning. Fotografen skall ha gett sitt medgivande till detta innan det sker.<\/p>\n<p><strong>Cookies (kakor p\u00e5 svenska)<\/strong><\/p>\n<p>Enligt lagen om elektronisk kommunikation som tr\u00e4dde i kraft den 25 juli 2003,med en uppdatering 1 juli 2011 ska alla som bes\u00f6ker en webbplats med cookies f\u00e5 information om:<\/p>\n<ul>\n<li>Att webbplatsen inneh\u00e5ller cookies<\/li>\n<li>Vad dessa anv\u00e4nds till<\/li>\n<li>Hur cookies kan undvikas<\/li>\n<\/ul>\n<p><strong>P\u00e5 Skultuna Hemmabak anv\u00e4nds cookies.<\/strong><br \/>\nDe anv\u00e4nds f\u00f6r att h\u00e5lla reda p\u00e5 somliga av dina inst\u00e4llningar s\u00e5 att du ska slippa g\u00f6ra om dem p\u00e5 nytt, varje g\u00e5ng du bes\u00f6ker webbplatsen. Cookies anv\u00e4nds p\u00e5 de flesta sidorna p\u00e5 v\u00e5r hemsida. Accepterar du inte cookies kommer vissa av v\u00e5ra funktioner inte att fungera, vilket vore synd. Cookies \u00e4r inte skadliga p\u00e5 n\u00e5got s\u00e4tt, utan tillhandah\u00e5ller endast information om bes\u00f6karens surfvanor \u2013 p\u00e5 den aktuella sidan.<\/p>\n<p>En cookie \u00e4r en datafil som lagras i din dator. Cookien inneh\u00e5ller ingen personinformation utan anv\u00e4nds f\u00f6r att g\u00f6ra det l\u00e4ttare f\u00f6r dig att anv\u00e4nda v\u00e5r hemsida och alla webbplatser anv\u00e4nder sig i dagsl\u00e4get av cookies.<\/p>\n<p>Om du inte vill till\u00e5ta lagring av cookies p\u00e5 din dator kan du st\u00e4nga av det i din webbl\u00e4sares inst\u00e4llningar. Det inneb\u00e4r dock att funktionaliteten f\u00f6r Internet begr\u00e4nsas och du kan f\u00e5 problem att anv\u00e4nda hemsidor p\u00e5 n\u00e4tet. Detta \u00e4r n\u00e5gonting som vi inte rekommenderar.<\/p>\n<div>\n<p><strong>V\u00e5ra regler f\u00f6r kommentarer:<\/strong><br \/>\n\u2013 Kommentera i v\u00e4nlig och civiliserad ton.<br \/>\n\u2013 H\u00e5ll dig till \u00e4mnet<\/p>\n<p><strong>\u2026och detta \u00e4r f\u00f6rbjudet:<\/strong><br \/>\n\u2013 Att med detaljer eller ord kr\u00e4nka anh\u00f6riga eller ber\u00f6rda personer.<br \/>\n\u2013 Att r\u00f6ja en persons identitet.<br \/>\n\u2013 Kommentarer om etnisk tillh\u00f6righet, sexuell l\u00e4ggning, k\u00f6n, politisk tillh\u00f6righet eller religion om det saknar betydelse i sj\u00e4lva sammanhanget.<br \/>\n\u2013 Svordomar eller liknande obscena ord.<br \/>\n\u2013 Inl\u00e4gg som avviker fr\u00e5n \u00e4mnet.<br \/>\n\u2013 Trams, obegripligheter och nonsens.<br \/>\n\u2013 Hot, trakasserier, l\u00f6gner, skvaller, personangrepp eller \u00e4rekr\u00e4nkande inl\u00e4gg.<br \/>\n\u2013 Uppmanande till brott eller inl\u00e4gg som bryter mot Yttrandefrihetsgrundlagen (<a title=\"Yttrandefrihetsgrundlag (1991:1469)\" href=\"https:\/\/lagen.nu\/1991:1469\" target=\"_blank\" rel=\"noopener\">YGL 1991:1469<\/a>).<br \/>\n\u2013 Att f\u00f6rs\u00f6ka d\u00f6lja sin identitet \u2013 f\u00f6r Skultuna Hemmabak \u2013 med anonyma mejl- och internettj\u00e4nster.<br \/>\n\u2013 Att spamma, allt Spam kommer att anm\u00e4las och kan leda till att er Internetanslutning kan komma och st\u00e4ngas av fr\u00e5n er leverant\u00f6r.<\/p>\n<p>Kommentarsfunktionen tillhandah\u00e5lls och \u00f6vervakas i enlighet med den s\u00e5 kallade <a title=\"Vad s\u00e4ger BBS-lagen?\" href=\"http:\/\/jureka.net\/Jureka\/jurisprudence.asp?Id=821\" target=\"_blank\" rel=\"noopener\">BBS-lagen<\/a>, Lagen om ansvar f\u00f6r elektroniska anslagstavlor (<a title=\"Lag (1998:112) om ansvar f\u00f6r elektroniska anslagstavlor\" href=\"http:\/\/www.notisum.se\/rnp\/sls\/lag\/19980112.HTM\" target=\"_blank\" rel=\"noopener\">1998:112<\/a>).<br \/>\nDet inneb\u00e4r att den som skriver kommentaren \u00e4r personligen ansvarig f\u00f6r inneh\u00e5llet i kommentaren och kan st\u00e4llas inf\u00f6r r\u00e4tta.<br \/>\nVi p\u00e5 Skultuna Hemmabak granskar och tar vid behov bort inl\u00e4gg som bryter mot lagen (<a title=\"Lag (1998:112) om ansvar f\u00f6r elektroniska anslagstavlor\" href=\"http:\/\/www.notisum.se\/rnp\/sls\/lag\/19980112.HTM\" target=\"_blank\" rel=\"noopener\">1998:112<\/a>) och de uppsatta kommentarsreglerna.<br \/>\nKommentarsfunktionen f\u00f6ljer ocks\u00e5 medias pressetiska h\u00e5llning.<\/p>\n<p>Anv\u00e4ndare som upprepade g\u00e5nger bryter mot reglerna kommer att st\u00e4ngas av och i grova fall \u00e4ven polisanm\u00e4las.<\/p>\n<\/div>\n","protected":false},"excerpt":{"rendered":"<p>Copyright Allt\u00a0du ser p\u00e5 hemsidan \u00e4r skyddat enligt lagen om upphovsr\u00e4tt (1960:729). Det \u00e4r str\u00e4ngt f\u00f6rbjudet att kopiera v\u00e5ra bilder, videos eller annat material fr\u00e5n hemsidan utan v\u00e5r till\u00e5telse. Materialet tillh\u00f6r antingen 021media.se eller s\u00e5 har vi tagit det med tillst\u00e5nd och f\u00f6r vissa saker s\u00e5 har vi \u00e4ven betalat f\u00f6r att f\u00e5 anv\u00e4nda materialet. [&hellip;]<\/p>\n","protected":false},"author":1,"featured_media":0,"parent":0,"menu_order":0,"comment_status":"closed","ping_status":"closed","template":"","meta":{"footnotes":""},"class_list":["post-177","page","type-page","status-publish","hentry"],"_links":{"self":[{"href":"https:\/\/skultunahemmabak.021media.se\/wp\/index.php?rest_route=\/wp\/v2\/pages\/177","targetHints":{"allow":["GET"]}}],"collection":[{"href":"https:\/\/skultunahemmabak.021media.se\/wp\/index.php?rest_route=\/wp\/v2\/pages"}],"about":[{"href":"https:\/\/skultunahemmabak.021media.se\/wp\/index.php?rest_route=\/wp\/v2\/types\/page"}],"author":[{"embeddable":true,"href":"https:\/\/skultunahemmabak.021media.se\/wp\/index.php?rest_route=\/wp\/v2\/users\/1"}],"replies":[{"embeddable":true,"href":"https:\/\/skultunahemmabak.021media.se\/wp\/index.php?rest_route=%2Fwp%2Fv2%2Fcomments&post=177"}],"version-history":[{"count":1,"href":"https:\/\/skultunahemmabak.021media.se\/wp\/index.php?rest_route=\/wp\/v2\/pages\/177\/revisions"}],"predecessor-version":[{"id":178,"href":"https:\/\/skultunahemmabak.021media.se\/wp\/index.php?rest_route=\/wp\/v2\/pages\/177\/revisions\/178"}],"wp:attachment":[{"href":"https:\/\/skultunahemmabak.021media.se\/wp\/index.php?rest_route=%2Fwp%2Fv2%2Fmedia&parent=177"}],"curies":[{"name":"wp","href":"https:\/\/api.w.org\/{rel}","templated":true}]}}