{"id":167,"date":"2021-12-30T12:49:41","date_gmt":"2021-12-30T10:49:41","guid":{"rendered":"https:\/\/skultunahemmabak.021media.se\/wp\/?page_id=167"},"modified":"2021-12-30T13:02:45","modified_gmt":"2021-12-30T11:02:45","slug":"recept","status":"publish","type":"page","link":"https:\/\/skultunahemmabak.021media.se\/wp\/?page_id=167","title":{"rendered":"Recept"},"content":{"rendered":"<p><img loading=\"lazy\" decoding=\"async\" class=\"alignleft size-thumbnail wp-image-168\" src=\"https:\/\/skultunahemmabak.021media.se\/wp\/wp-content\/uploads\/2021\/12\/recept_icon-100x100.jpg\" alt=\"\" width=\"100\" height=\"100\" srcset=\"https:\/\/skultunahemmabak.021media.se\/wp\/wp-content\/uploads\/2021\/12\/recept_icon-100x100.jpg 100w, https:\/\/skultunahemmabak.021media.se\/wp\/wp-content\/uploads\/2021\/12\/recept_icon.jpg 225w\" sizes=\"auto, (max-width: 100px) 100vw, 100px\" \/>H\u00e4r kommer ni finns allehanda recept, recepten \u00e4r inte mina egna s\u00e5 k\u00e4lla kommer att anges samt att jag l\u00e4nkar till originalrecepten.<\/p>\n<p>&nbsp;<\/p>\n<p>&nbsp;<\/p>\n<p><a href=\"https:\/\/skultunahemmabak.021media.se\/wp\/2021\/12\/30\/fryst-choklad-och-hasselnotscheesecake\/\">Fryst choklad- och hasseln\u00f6tscheesecake<\/a><\/p>\n","protected":false},"excerpt":{"rendered":"<p>H\u00e4r kommer ni finns allehanda recept, recepten \u00e4r inte mina egna s\u00e5 k\u00e4lla kommer att anges samt att jag l\u00e4nkar till originalrecepten. &nbsp; &nbsp; Fryst choklad- och hasseln\u00f6tscheesecake<\/p>\n","protected":false},"author":1,"featured_media":168,"parent":0,"menu_order":0,"comment_status":"closed","ping_status":"closed","template":"","meta":{"footnotes":""},"class_list":["post-167","page","type-page","status-publish","has-post-thumbnail","hentry"],"_links":{"self":[{"href":"https:\/\/skultunahemmabak.021media.se\/wp\/index.php?rest_route=\/wp\/v2\/pages\/167","targetHints":{"allow":["GET"]}}],"collection":[{"href":"https:\/\/skultunahemmabak.021media.se\/wp\/index.php?rest_route=\/wp\/v2\/pages"}],"about":[{"href":"https:\/\/skultunahemmabak.021media.se\/wp\/index.php?rest_route=\/wp\/v2\/types\/page"}],"author":[{"embeddable":true,"href":"https:\/\/skultunahemmabak.021media.se\/wp\/index.php?rest_route=\/wp\/v2\/users\/1"}],"replies":[{"embeddable":true,"href":"https:\/\/skultunahemmabak.021media.se\/wp\/index.php?rest_route=%2Fwp%2Fv2%2Fcomments&post=167"}],"version-history":[{"count":2,"href":"https:\/\/skultunahemmabak.021media.se\/wp\/index.php?rest_route=\/wp\/v2\/pages\/167\/revisions"}],"predecessor-version":[{"id":174,"href":"https:\/\/skultunahemmabak.021media.se\/wp\/index.php?rest_route=\/wp\/v2\/pages\/167\/revisions\/174"}],"wp:featuredmedia":[{"embeddable":true,"href":"https:\/\/skultunahemmabak.021media.se\/wp\/index.php?rest_route=\/wp\/v2\/media\/168"}],"wp:attachment":[{"href":"https:\/\/skultunahemmabak.021media.se\/wp\/index.php?rest_route=%2Fwp%2Fv2%2Fmedia&parent=167"}],"curies":[{"name":"wp","href":"https:\/\/api.w.org\/{rel}","templated":true}]}}