{"id":113,"date":"2021-04-28T12:41:25","date_gmt":"2021-04-28T10:41:25","guid":{"rendered":"http:\/\/skultunahemmabak.021media.se\/wp\/?page_id=113"},"modified":"2021-04-28T12:43:31","modified_gmt":"2021-04-28T10:43:31","slug":"hyr-en-egen-kock","status":"publish","type":"page","link":"https:\/\/skultunahemmabak.021media.se\/wp\/?page_id=113","title":{"rendered":"Hyr en egen kock"},"content":{"rendered":"<p>Vi erbjuder uthyrning av v\u00e5r kock i V\u00e4ster\u00e5s med omnejd.<br \/>\nV\u00e5r kock kommer till er och lagar er middag p\u00e5 plats hos er.<br \/>\nVi \u00e4r stolta att kunna erbjuda vacker och v\u00e4lsmakande mat till er middag.<\/p>\n<p>Vi s\u00e4tter en \u00e4ra i att ni f\u00e5r exakt det som ni \u00f6nskat &#8211; v\u00e4llagad, smakfull och estetiskt tilltalande.<\/p>\n<p>Vi passar alla typer av fester och evenemang. Familjemiddagar, br\u00f6llopsmiddagen eller helt enkelt p\u00e5 parmiddagen f\u00f6r att fira er br\u00f6llopsdag.<\/p>\n<p>V\u00e5r kock har flera \u00e5rs erfarenhet och har vana fr\u00e5n b\u00e5de sm\u00e5 och stora best\u00e4llningar.<\/p>\n<div id='gallery-1' class='gallery galleryid-113 gallery-columns-7 gallery-size-thumbnail'><figure class='gallery-item'>\n\t\t\t<div class='gallery-icon landscape'>\n\t\t\t\t<a href='https:\/\/skultunahemmabak.021media.se\/wp\/wp-content\/uploads\/2021\/04\/bouillabaisse_fransk_fisksoppa.jpg'><img loading=\"lazy\" decoding=\"async\" width=\"100\" height=\"100\" src=\"https:\/\/skultunahemmabak.021media.se\/wp\/wp-content\/uploads\/2021\/04\/bouillabaisse_fransk_fisksoppa-150x150.jpg\" class=\"attachment-thumbnail size-thumbnail\" alt=\"\" srcset=\"https:\/\/skultunahemmabak.021media.se\/wp\/wp-content\/uploads\/2021\/04\/bouillabaisse_fransk_fisksoppa-150x150.jpg 150w, https:\/\/skultunahemmabak.021media.se\/wp\/wp-content\/uploads\/2021\/04\/bouillabaisse_fransk_fisksoppa-300x300.jpg 300w, https:\/\/skultunahemmabak.021media.se\/wp\/wp-content\/uploads\/2021\/04\/bouillabaisse_fransk_fisksoppa.jpg 600w\" sizes=\"auto, (max-width: 100px) 100vw, 100px\" \/><\/a>\n\t\t\t<\/div><\/figure><figure class='gallery-item'>\n\t\t\t<div class='gallery-icon landscape'>\n\t\t\t\t<a href='https:\/\/skultunahemmabak.021media.se\/wp\/wp-content\/uploads\/2021\/04\/snittar.jpg'><img loading=\"lazy\" decoding=\"async\" width=\"100\" height=\"100\" src=\"https:\/\/skultunahemmabak.021media.se\/wp\/wp-content\/uploads\/2021\/04\/snittar-150x150.jpg\" class=\"attachment-thumbnail size-thumbnail\" alt=\"\" srcset=\"https:\/\/skultunahemmabak.021media.se\/wp\/wp-content\/uploads\/2021\/04\/snittar-150x150.jpg 150w, https:\/\/skultunahemmabak.021media.se\/wp\/wp-content\/uploads\/2021\/04\/snittar-300x300.jpg 300w, https:\/\/skultunahemmabak.021media.se\/wp\/wp-content\/uploads\/2021\/04\/snittar.jpg 600w\" sizes=\"auto, (max-width: 100px) 100vw, 100px\" \/><\/a>\n\t\t\t<\/div><\/figure><figure class='gallery-item'>\n\t\t\t<div class='gallery-icon landscape'>\n\t\t\t\t<a href='https:\/\/skultunahemmabak.021media.se\/wp\/wp-content\/uploads\/2021\/04\/toast_skagen.jpg'><img loading=\"lazy\" decoding=\"async\" width=\"100\" height=\"100\" src=\"https:\/\/skultunahemmabak.021media.se\/wp\/wp-content\/uploads\/2021\/04\/toast_skagen-150x150.jpg\" class=\"attachment-thumbnail size-thumbnail\" alt=\"\" srcset=\"https:\/\/skultunahemmabak.021media.se\/wp\/wp-content\/uploads\/2021\/04\/toast_skagen-150x150.jpg 150w, https:\/\/skultunahemmabak.021media.se\/wp\/wp-content\/uploads\/2021\/04\/toast_skagen-300x300.jpg 300w, https:\/\/skultunahemmabak.021media.se\/wp\/wp-content\/uploads\/2021\/04\/toast_skagen.jpg 600w\" sizes=\"auto, (max-width: 100px) 100vw, 100px\" \/><\/a>\n\t\t\t<\/div><\/figure><figure class='gallery-item'>\n\t\t\t<div class='gallery-icon landscape'>\n\t\t\t\t<a href='https:\/\/skultunahemmabak.021media.se\/wp\/wp-content\/uploads\/2021\/04\/ramen_nudlar.jpg'><img loading=\"lazy\" decoding=\"async\" width=\"100\" height=\"100\" src=\"https:\/\/skultunahemmabak.021media.se\/wp\/wp-content\/uploads\/2021\/04\/ramen_nudlar-150x150.jpg\" class=\"attachment-thumbnail size-thumbnail\" alt=\"\" srcset=\"https:\/\/skultunahemmabak.021media.se\/wp\/wp-content\/uploads\/2021\/04\/ramen_nudlar-150x150.jpg 150w, https:\/\/skultunahemmabak.021media.se\/wp\/wp-content\/uploads\/2021\/04\/ramen_nudlar-300x300.jpg 300w, https:\/\/skultunahemmabak.021media.se\/wp\/wp-content\/uploads\/2021\/04\/ramen_nudlar.jpg 600w\" sizes=\"auto, (max-width: 100px) 100vw, 100px\" \/><\/a>\n\t\t\t<\/div><\/figure><figure class='gallery-item'>\n\t\t\t<div class='gallery-icon landscape'>\n\t\t\t\t<a href='https:\/\/skultunahemmabak.021media.se\/wp\/wp-content\/uploads\/2021\/04\/kallskuren_buffe.jpg'><img loading=\"lazy\" decoding=\"async\" width=\"100\" height=\"100\" src=\"https:\/\/skultunahemmabak.021media.se\/wp\/wp-content\/uploads\/2021\/04\/kallskuren_buffe-150x150.jpg\" class=\"attachment-thumbnail size-thumbnail\" alt=\"\" srcset=\"https:\/\/skultunahemmabak.021media.se\/wp\/wp-content\/uploads\/2021\/04\/kallskuren_buffe-150x150.jpg 150w, https:\/\/skultunahemmabak.021media.se\/wp\/wp-content\/uploads\/2021\/04\/kallskuren_buffe-300x300.jpg 300w, https:\/\/skultunahemmabak.021media.se\/wp\/wp-content\/uploads\/2021\/04\/kallskuren_buffe.jpg 600w\" sizes=\"auto, (max-width: 100px) 100vw, 100px\" \/><\/a>\n\t\t\t<\/div><\/figure><figure class='gallery-item'>\n\t\t\t<div class='gallery-icon landscape'>\n\t\t\t\t<a href='https:\/\/skultunahemmabak.021media.se\/wp\/wp-content\/uploads\/2021\/04\/plocktallrik.jpg'><img loading=\"lazy\" decoding=\"async\" width=\"100\" height=\"100\" src=\"https:\/\/skultunahemmabak.021media.se\/wp\/wp-content\/uploads\/2021\/04\/plocktallrik-150x150.jpg\" class=\"attachment-thumbnail size-thumbnail\" alt=\"\" srcset=\"https:\/\/skultunahemmabak.021media.se\/wp\/wp-content\/uploads\/2021\/04\/plocktallrik-150x150.jpg 150w, https:\/\/skultunahemmabak.021media.se\/wp\/wp-content\/uploads\/2021\/04\/plocktallrik-300x300.jpg 300w, https:\/\/skultunahemmabak.021media.se\/wp\/wp-content\/uploads\/2021\/04\/plocktallrik.jpg 600w\" sizes=\"auto, (max-width: 100px) 100vw, 100px\" \/><\/a>\n\t\t\t<\/div><\/figure><figure class='gallery-item'>\n\t\t\t<div class='gallery-icon landscape'>\n\t\t\t\t<a href='https:\/\/skultunahemmabak.021media.se\/wp\/wp-content\/uploads\/2021\/04\/pasta_potatis_sallader.jpg'><img loading=\"lazy\" decoding=\"async\" width=\"100\" height=\"100\" src=\"https:\/\/skultunahemmabak.021media.se\/wp\/wp-content\/uploads\/2021\/04\/pasta_potatis_sallader-150x150.jpg\" class=\"attachment-thumbnail size-thumbnail\" alt=\"\" srcset=\"https:\/\/skultunahemmabak.021media.se\/wp\/wp-content\/uploads\/2021\/04\/pasta_potatis_sallader-150x150.jpg 150w, https:\/\/skultunahemmabak.021media.se\/wp\/wp-content\/uploads\/2021\/04\/pasta_potatis_sallader-300x300.jpg 300w, https:\/\/skultunahemmabak.021media.se\/wp\/wp-content\/uploads\/2021\/04\/pasta_potatis_sallader.jpg 600w\" sizes=\"auto, (max-width: 100px) 100vw, 100px\" \/><\/a>\n\t\t\t<\/div><\/figure>\n\t\t<\/div>\n\n","protected":false},"excerpt":{"rendered":"<p>Vi erbjuder uthyrning av v\u00e5r kock i V\u00e4ster\u00e5s med omnejd. V\u00e5r kock kommer till er och lagar er middag p\u00e5 plats hos er. Vi \u00e4r stolta att kunna erbjuda vacker och v\u00e4lsmakande mat till er middag. Vi s\u00e4tter en \u00e4ra i att ni f\u00e5r exakt det som ni \u00f6nskat &#8211; v\u00e4llagad, smakfull och estetiskt tilltalande. [&hellip;]<\/p>\n","protected":false},"author":1,"featured_media":121,"parent":0,"menu_order":4,"comment_status":"closed","ping_status":"closed","template":"","meta":{"footnotes":""},"class_list":["post-113","page","type-page","status-publish","has-post-thumbnail","hentry"],"_links":{"self":[{"href":"https:\/\/skultunahemmabak.021media.se\/wp\/index.php?rest_route=\/wp\/v2\/pages\/113","targetHints":{"allow":["GET"]}}],"collection":[{"href":"https:\/\/skultunahemmabak.021media.se\/wp\/index.php?rest_route=\/wp\/v2\/pages"}],"about":[{"href":"https:\/\/skultunahemmabak.021media.se\/wp\/index.php?rest_route=\/wp\/v2\/types\/page"}],"author":[{"embeddable":true,"href":"https:\/\/skultunahemmabak.021media.se\/wp\/index.php?rest_route=\/wp\/v2\/users\/1"}],"replies":[{"embeddable":true,"href":"https:\/\/skultunahemmabak.021media.se\/wp\/index.php?rest_route=%2Fwp%2Fv2%2Fcomments&post=113"}],"version-history":[{"count":2,"href":"https:\/\/skultunahemmabak.021media.se\/wp\/index.php?rest_route=\/wp\/v2\/pages\/113\/revisions"}],"predecessor-version":[{"id":124,"href":"https:\/\/skultunahemmabak.021media.se\/wp\/index.php?rest_route=\/wp\/v2\/pages\/113\/revisions\/124"}],"wp:featuredmedia":[{"embeddable":true,"href":"https:\/\/skultunahemmabak.021media.se\/wp\/index.php?rest_route=\/wp\/v2\/media\/121"}],"wp:attachment":[{"href":"https:\/\/skultunahemmabak.021media.se\/wp\/index.php?rest_route=%2Fwp%2Fv2%2Fmedia&parent=113"}],"curies":[{"name":"wp","href":"https:\/\/api.w.org\/{rel}","templated":true}]}}